{"id":207,"date":"2022-09-13T08:22:50","date_gmt":"2022-09-13T08:22:50","guid":{"rendered":"https:\/\/offbeat-jederkannmusik.de\/?page_id=207"},"modified":"2024-04-18T13:20:31","modified_gmt":"2024-04-18T13:20:31","slug":"klangpaedagogik","status":"publish","type":"page","link":"https:\/\/offbeat-jederkannmusik.de\/?page_id=207","title":{"rendered":"Klangp\u00e4dagogik"},"content":{"rendered":"\t\t<div data-elementor-type=\"wp-page\" data-elementor-id=\"207\" class=\"elementor elementor-207\">\n\t\t\t\t\t\t<section class=\"elementor-section elementor-top-section elementor-element elementor-element-25d3767 elementor-section-boxed elementor-section-height-default elementor-section-height-default\" data-id=\"25d3767\" data-element_type=\"section\">\n\t\t\t\t\t\t<div class=\"elementor-container elementor-column-gap-default\">\n\t\t\t\t\t<div class=\"elementor-column elementor-col-100 elementor-top-column elementor-element elementor-element-530a95c\" data-id=\"530a95c\" data-element_type=\"column\">\n\t\t\t<div class=\"elementor-widget-wrap elementor-element-populated\">\n\t\t\t\t\t\t<section class=\"elementor-section elementor-inner-section elementor-element elementor-element-a4a69da elementor-section-boxed elementor-section-height-default elementor-section-height-default\" data-id=\"a4a69da\" data-element_type=\"section\">\n\t\t\t\t\t\t<div class=\"elementor-container elementor-column-gap-default\">\n\t\t\t\t\t<div class=\"elementor-column elementor-col-100 elementor-inner-column elementor-element elementor-element-991800d\" data-id=\"991800d\" data-element_type=\"column\">\n\t\t\t<div class=\"elementor-widget-wrap elementor-element-populated\">\n\t\t\t\t\t\t<div class=\"elementor-element elementor-element-f5fbd59 elementor-widget elementor-widget-heading\" data-id=\"f5fbd59\" data-element_type=\"widget\" data-widget_type=\"heading.default\">\n\t\t\t\t<div class=\"elementor-widget-container\">\n\t\t\t\t\t<h1 class=\"elementor-heading-title elementor-size-default\">Mein Klangp\u00e4dagogik-Angebot<\/h1>\t\t\t\t<\/div>\n\t\t\t\t<\/div>\n\t\t\t\t\t<\/div>\n\t\t<\/div>\n\t\t\t\t\t<\/div>\n\t\t<\/section>\n\t\t\t\t\t<\/div>\n\t\t<\/div>\n\t\t\t\t\t<\/div>\n\t\t<\/section>\n\t\t\t\t<section class=\"elementor-section elementor-top-section elementor-element elementor-element-7f0ce37 elementor-section-boxed elementor-section-height-default elementor-section-height-default\" data-id=\"7f0ce37\" data-element_type=\"section\">\n\t\t\t\t\t\t<div class=\"elementor-container elementor-column-gap-default\">\n\t\t\t\t\t<div class=\"elementor-column elementor-col-100 elementor-top-column elementor-element elementor-element-72d0eaa\" data-id=\"72d0eaa\" data-element_type=\"column\">\n\t\t\t<div class=\"elementor-widget-wrap elementor-element-populated\">\n\t\t\t\t\t\t<section class=\"elementor-section elementor-inner-section elementor-element elementor-element-9cf98a9 elementor-section-boxed elementor-section-height-default elementor-section-height-default\" data-id=\"9cf98a9\" data-element_type=\"section\">\n\t\t\t\t\t\t<div class=\"elementor-container elementor-column-gap-default\">\n\t\t\t\t\t<div class=\"elementor-column elementor-col-50 elementor-inner-column elementor-element elementor-element-db71316\" data-id=\"db71316\" data-element_type=\"column\">\n\t\t\t<div class=\"elementor-widget-wrap elementor-element-populated\">\n\t\t\t\t\t\t<div class=\"elementor-element elementor-element-75f50a6 elementor-widget elementor-widget-text-editor\" data-id=\"75f50a6\" data-element_type=\"widget\" data-widget_type=\"text-editor.default\">\n\t\t\t\t<div class=\"elementor-widget-container\">\n\t\t\t\t\t\t\t\t\t<p><span style=\"color: #000000;\">Schon in den ersten Schuljahren stehen Kinder heutzutage vor gro\u00dfen Anforderungen und Aufgaben, die im Laufe der schulischen Laufbahn eher noch zu- anstatt abnehmen.<\/span><\/p><p><span style=\"color: #000000;\">Hinzu kommt, dass unsere Welt immer schnelllebiger wird und das mediale Angebot h\u00e4ufig eher zu gro\u00df ist und zu viel Aufmerksamkeit und Verbindlichkeit von den Kindern abverlangt.<\/span><\/p><p><span style=\"color: #000000;\">Die Folge ist immer wieder, dass Kinder \u00fcberlastet sind, den Anforderungen ihres Alltags nicht mehr gerecht werden k\u00f6nnen, einen Lern- und Leistungsabfall erfahren und im schlimmsten Fall in ein Burnout hineinrutschen.<\/span><\/p><p><span style=\"color: #000000;\">Es wird also zunehmend wichtig, Kindern einen \u201eSafe Space\u201c zu bieten \u2013 einen verl\u00e4sslichen Ort der Ruhe, der Entspannung und der M\u00f6glichkeit wieder neue Kraft zu sch\u00f6pfen und das Vertrauen in sich selbst zur\u00fcck zu gewinnen.<\/span><\/p><p><span style=\"color: #000000;\">Die<strong> Integrative Klangp\u00e4dagogik<\/strong> bietet einen solchen R\u00fcckzugsort, an dem sich Kinder wieder auf ihre Intuition und ihre Wurzeln besinnen k\u00f6nnen und sich frei von Stress und Leitungsdruck auf ein Lernen, Entdecken und Erfahren mit all ihren Sinnen einlassen k\u00f6nnen.<\/span><\/p>\t\t\t\t\t\t\t\t<\/div>\n\t\t\t\t<\/div>\n\t\t\t\t\t<\/div>\n\t\t<\/div>\n\t\t\t\t<div class=\"elementor-column elementor-col-50 elementor-inner-column elementor-element elementor-element-f7ce50b\" data-id=\"f7ce50b\" data-element_type=\"column\">\n\t\t\t<div class=\"elementor-widget-wrap elementor-element-populated\">\n\t\t\t\t\t\t<div class=\"elementor-element elementor-element-f75182e elementor-widget elementor-widget-image\" data-id=\"f75182e\" data-element_type=\"widget\" data-widget_type=\"image.default\">\n\t\t\t\t<div class=\"elementor-widget-container\">\n\t\t\t\t\t\t\t\t\t\t\t\t\t\t\t<img fetchpriority=\"high\" decoding=\"async\" width=\"600\" height=\"600\" src=\"https:\/\/offbeat-jederkannmusik.de\/wp-content\/uploads\/2022\/09\/Klangpaedagogik.png\" class=\"attachment-large size-large wp-image-214\" alt=\"Klangp\u00e4dagogik\" srcset=\"https:\/\/offbeat-jederkannmusik.de\/wp-content\/uploads\/2022\/09\/Klangpaedagogik.png 600w, https:\/\/offbeat-jederkannmusik.de\/wp-content\/uploads\/2022\/09\/Klangpaedagogik-300x300.png 300w, https:\/\/offbeat-jederkannmusik.de\/wp-content\/uploads\/2022\/09\/Klangpaedagogik-150x150.png 150w\" sizes=\"(max-width: 600px) 100vw, 600px\" \/>\t\t\t\t\t\t\t\t\t\t\t\t\t\t\t<\/div>\n\t\t\t\t<\/div>\n\t\t\t\t\t<\/div>\n\t\t<\/div>\n\t\t\t\t\t<\/div>\n\t\t<\/section>\n\t\t\t\t\t<\/div>\n\t\t<\/div>\n\t\t\t\t\t<\/div>\n\t\t<\/section>\n\t\t\t\t<section class=\"elementor-section elementor-top-section elementor-element elementor-element-27726bb elementor-section-boxed elementor-section-height-default elementor-section-height-default\" data-id=\"27726bb\" data-element_type=\"section\">\n\t\t\t\t\t\t<div class=\"elementor-container elementor-column-gap-default\">\n\t\t\t\t\t<div class=\"elementor-column elementor-col-100 elementor-top-column elementor-element elementor-element-475fa74\" data-id=\"475fa74\" data-element_type=\"column\">\n\t\t\t<div class=\"elementor-widget-wrap elementor-element-populated\">\n\t\t\t\t\t\t<div class=\"elementor-element elementor-element-5143338 elementor-widget elementor-widget-text-editor\" data-id=\"5143338\" data-element_type=\"widget\" data-widget_type=\"text-editor.default\">\n\t\t\t\t<div class=\"elementor-widget-container\">\n\t\t\t\t\t\t\t\t\t<p>Angebote werden hier spielerisch und kreativ dargeboten. Sie erm\u00f6glichen den Kindern sich wieder selbst zu sp\u00fcren oder \u00fcberhaupt zum ersten Mal selbst wahr zu nehmen. Eigene Grenzen und F\u00e4higkeiten k\u00f6nnen so erfahren werden, was wiederum ein Bewusstsein f\u00fcr eigene Bed\u00fcrfnisse und eine ad\u00e4quate \u00c4u\u00dferung dieser Bed\u00fcrfnisse weckt und f\u00f6rdert.<\/p><p>Gearbeitet wird in der Integrativen Klangp\u00e4dagogik mit Naturtoninstrumenten wie der Klangschale, der Oceandrum, der Elfenklangkugel, dem Regenmacher, den Zimbeln, dem Koshi, der Sansula, der Schlitztrommel und der Rahmentrommel.<\/p>\t\t\t\t\t\t\t\t<\/div>\n\t\t\t\t<\/div>\n\t\t\t\t<div class=\"elementor-element elementor-element-5ccfb93 elementor-arrows-position-inside elementor-pagination-position-outside elementor-widget elementor-widget-image-carousel\" data-id=\"5ccfb93\" data-element_type=\"widget\" data-settings=\"{&quot;navigation&quot;:&quot;both&quot;,&quot;autoplay&quot;:&quot;yes&quot;,&quot;pause_on_hover&quot;:&quot;yes&quot;,&quot;pause_on_interaction&quot;:&quot;yes&quot;,&quot;autoplay_speed&quot;:5000,&quot;infinite&quot;:&quot;yes&quot;,&quot;speed&quot;:500,&quot;image_spacing_custom&quot;:{&quot;unit&quot;:&quot;px&quot;,&quot;size&quot;:20,&quot;sizes&quot;:[]},&quot;image_spacing_custom_tablet&quot;:{&quot;unit&quot;:&quot;px&quot;,&quot;size&quot;:&quot;&quot;,&quot;sizes&quot;:[]},&quot;image_spacing_custom_mobile&quot;:{&quot;unit&quot;:&quot;px&quot;,&quot;size&quot;:&quot;&quot;,&quot;sizes&quot;:[]}}\" data-widget_type=\"image-carousel.default\">\n\t\t\t\t<div class=\"elementor-widget-container\">\n\t\t\t\t\t\t\t<div class=\"elementor-image-carousel-wrapper swiper\" role=\"region\" aria-roledescription=\"carousel\" aria-label=\"Bild Karussell\" dir=\"ltr\">\n\t\t\t<div class=\"elementor-image-carousel swiper-wrapper\" aria-live=\"off\">\n\t\t\t\t\t\t\t\t<div class=\"swiper-slide\" role=\"group\" aria-roledescription=\"slide\" aria-label=\"1 von 9\"><a data-elementor-open-lightbox=\"yes\" data-elementor-lightbox-slideshow=\"5ccfb93\" data-elementor-lightbox-title=\"DSC_0429\" data-e-action-hash=\"#elementor-action%3Aaction%3Dlightbox%26settings%3DeyJpZCI6MjU4LCJ1cmwiOiJodHRwczpcL1wvb2ZmYmVhdC1qZWRlcmthbm5tdXNpay5kZVwvd3AtY29udGVudFwvdXBsb2Fkc1wvMjAyMlwvMDlcL0RTQ18wNDI5LmpwZyIsInNsaWRlc2hvdyI6IjVjY2ZiOTMifQ%3D%3D\" href=\"https:\/\/offbeat-jederkannmusik.de\/wp-content\/uploads\/2022\/09\/DSC_0429.jpg\"><figure class=\"swiper-slide-inner\"><img decoding=\"async\" class=\"swiper-slide-image\" src=\"https:\/\/offbeat-jederkannmusik.de\/wp-content\/uploads\/elementor\/thumbs\/DSC_0429-pures6nnhdj0ji6py1rh39kzub0d77nwzv6tifppcw.jpg\" alt=\"DSC_0429\" \/><\/figure><\/a><\/div><div class=\"swiper-slide\" role=\"group\" aria-roledescription=\"slide\" aria-label=\"2 von 9\"><a data-elementor-open-lightbox=\"yes\" data-elementor-lightbox-slideshow=\"5ccfb93\" data-elementor-lightbox-title=\"DSC_0612 Kopie\" data-e-action-hash=\"#elementor-action%3Aaction%3Dlightbox%26settings%3DeyJpZCI6MjU5LCJ1cmwiOiJodHRwczpcL1wvb2ZmYmVhdC1qZWRlcmthbm5tdXNpay5kZVwvd3AtY29udGVudFwvdXBsb2Fkc1wvMjAyMlwvMDlcL0RTQ18wNjEyLUtvcGllLmpwZyIsInNsaWRlc2hvdyI6IjVjY2ZiOTMifQ%3D%3D\" href=\"https:\/\/offbeat-jederkannmusik.de\/wp-content\/uploads\/2022\/09\/DSC_0612-Kopie.jpg\"><figure class=\"swiper-slide-inner\"><img decoding=\"async\" class=\"swiper-slide-image\" src=\"https:\/\/offbeat-jederkannmusik.de\/wp-content\/uploads\/elementor\/thumbs\/DSC_0612-Kopie-pures6nnhdj0ji6py1rh39kzub0d77nwzv6tifppcw.jpg\" alt=\"DSC_0612 Kopie\" \/><\/figure><\/a><\/div><div class=\"swiper-slide\" role=\"group\" aria-roledescription=\"slide\" aria-label=\"3 von 9\"><a data-elementor-open-lightbox=\"yes\" data-elementor-lightbox-slideshow=\"5ccfb93\" data-elementor-lightbox-title=\"DSC_8958\" data-e-action-hash=\"#elementor-action%3Aaction%3Dlightbox%26settings%3DeyJpZCI6MjYwLCJ1cmwiOiJodHRwczpcL1wvb2ZmYmVhdC1qZWRlcmthbm5tdXNpay5kZVwvd3AtY29udGVudFwvdXBsb2Fkc1wvMjAyMlwvMDlcL0RTQ184OTU4LmpwZyIsInNsaWRlc2hvdyI6IjVjY2ZiOTMifQ%3D%3D\" href=\"https:\/\/offbeat-jederkannmusik.de\/wp-content\/uploads\/2022\/09\/DSC_8958.jpg\"><figure class=\"swiper-slide-inner\"><img decoding=\"async\" class=\"swiper-slide-image\" src=\"https:\/\/offbeat-jederkannmusik.de\/wp-content\/uploads\/elementor\/thumbs\/DSC_8958-pures7lho7kav45csk63nrcgfovqewrnbzuazpob6o.jpg\" alt=\"DSC_8958\" \/><\/figure><\/a><\/div><div class=\"swiper-slide\" role=\"group\" aria-roledescription=\"slide\" aria-label=\"4 von 9\"><a data-elementor-open-lightbox=\"yes\" data-elementor-lightbox-slideshow=\"5ccfb93\" data-elementor-lightbox-title=\"DSC_8967\" data-e-action-hash=\"#elementor-action%3Aaction%3Dlightbox%26settings%3DeyJpZCI6MjYxLCJ1cmwiOiJodHRwczpcL1wvb2ZmYmVhdC1qZWRlcmthbm5tdXNpay5kZVwvd3AtY29udGVudFwvdXBsb2Fkc1wvMjAyMlwvMDlcL0RTQ184OTY3LmpwZyIsInNsaWRlc2hvdyI6IjVjY2ZiOTMifQ%3D%3D\" href=\"https:\/\/offbeat-jederkannmusik.de\/wp-content\/uploads\/2022\/09\/DSC_8967.jpg\"><figure class=\"swiper-slide-inner\"><img decoding=\"async\" class=\"swiper-slide-image\" src=\"https:\/\/offbeat-jederkannmusik.de\/wp-content\/uploads\/elementor\/thumbs\/DSC_8967-pures8jbv1ll6q3zn2kq893x12r3mlvdo4hsgzmx0g.jpg\" alt=\"DSC_8967\" \/><\/figure><\/a><\/div><div class=\"swiper-slide\" role=\"group\" aria-roledescription=\"slide\" aria-label=\"5 von 9\"><a data-elementor-open-lightbox=\"yes\" data-elementor-lightbox-slideshow=\"5ccfb93\" data-elementor-lightbox-title=\"DSC_8974\" data-e-action-hash=\"#elementor-action%3Aaction%3Dlightbox%26settings%3DeyJpZCI6MjYyLCJ1cmwiOiJodHRwczpcL1wvb2ZmYmVhdC1qZWRlcmthbm5tdXNpay5kZVwvd3AtY29udGVudFwvdXBsb2Fkc1wvMjAyMlwvMDlcL0RTQ184OTc0LmpwZyIsInNsaWRlc2hvdyI6IjVjY2ZiOTMifQ%3D%3D\" href=\"https:\/\/offbeat-jederkannmusik.de\/wp-content\/uploads\/2022\/09\/DSC_8974.jpg\"><figure class=\"swiper-slide-inner\"><img decoding=\"async\" class=\"swiper-slide-image\" src=\"https:\/\/offbeat-jederkannmusik.de\/wp-content\/uploads\/elementor\/thumbs\/DSC_8974-pures8jbv1ll6q3zn2kq893x12r3mlvdo4hsgzmx0g.jpg\" alt=\"DSC_8974\" \/><\/figure><\/a><\/div><div class=\"swiper-slide\" role=\"group\" aria-roledescription=\"slide\" aria-label=\"6 von 9\"><a data-elementor-open-lightbox=\"yes\" data-elementor-lightbox-slideshow=\"5ccfb93\" data-elementor-lightbox-title=\"DSC_8978\" data-e-action-hash=\"#elementor-action%3Aaction%3Dlightbox%26settings%3DeyJpZCI6MjYzLCJ1cmwiOiJodHRwczpcL1wvb2ZmYmVhdC1qZWRlcmthbm5tdXNpay5kZVwvd3AtY29udGVudFwvdXBsb2Fkc1wvMjAyMlwvMDlcL0RTQ184OTc4LmpwZyIsInNsaWRlc2hvdyI6IjVjY2ZiOTMifQ%3D%3D\" href=\"https:\/\/offbeat-jederkannmusik.de\/wp-content\/uploads\/2022\/09\/DSC_8978.jpg\"><figure class=\"swiper-slide-inner\"><img decoding=\"async\" class=\"swiper-slide-image\" src=\"https:\/\/offbeat-jederkannmusik.de\/wp-content\/uploads\/elementor\/thumbs\/DSC_8978-pures9h61vmvic2mhkzcsqvdmgmguaz40959y9liu8.jpg\" alt=\"DSC_8978\" \/><\/figure><\/a><\/div><div class=\"swiper-slide\" role=\"group\" aria-roledescription=\"slide\" aria-label=\"7 von 9\"><a data-elementor-open-lightbox=\"yes\" data-elementor-lightbox-slideshow=\"5ccfb93\" data-elementor-lightbox-title=\"DSC_8980\" data-e-action-hash=\"#elementor-action%3Aaction%3Dlightbox%26settings%3DeyJpZCI6MjY0LCJ1cmwiOiJodHRwczpcL1wvb2ZmYmVhdC1qZWRlcmthbm5tdXNpay5kZVwvd3AtY29udGVudFwvdXBsb2Fkc1wvMjAyMlwvMDlcL0RTQ184OTgwLmpwZyIsInNsaWRlc2hvdyI6IjVjY2ZiOTMifQ%3D%3D\" href=\"https:\/\/offbeat-jederkannmusik.de\/wp-content\/uploads\/2022\/09\/DSC_8980.jpg\"><figure class=\"swiper-slide-inner\"><img decoding=\"async\" class=\"swiper-slide-image\" src=\"https:\/\/offbeat-jederkannmusik.de\/wp-content\/uploads\/elementor\/thumbs\/DSC_8980-puresaf08po5ty19c3dzd8mu7uhu202ucdsrfjk4o0.jpg\" alt=\"DSC_8980\" \/><\/figure><\/a><\/div><div class=\"swiper-slide\" role=\"group\" aria-roledescription=\"slide\" aria-label=\"8 von 9\"><a data-elementor-open-lightbox=\"yes\" data-elementor-lightbox-slideshow=\"5ccfb93\" data-elementor-lightbox-title=\"DSC_8987\" data-e-action-hash=\"#elementor-action%3Aaction%3Dlightbox%26settings%3DeyJpZCI6MjY1LCJ1cmwiOiJodHRwczpcL1wvb2ZmYmVhdC1qZWRlcmthbm5tdXNpay5kZVwvd3AtY29udGVudFwvdXBsb2Fkc1wvMjAyMlwvMDlcL0RTQ184OTg3LmpwZyIsInNsaWRlc2hvdyI6IjVjY2ZiOTMifQ%3D%3D\" href=\"https:\/\/offbeat-jederkannmusik.de\/wp-content\/uploads\/2022\/09\/DSC_8987.jpg\"><figure class=\"swiper-slide-inner\"><img decoding=\"async\" class=\"swiper-slide-image\" src=\"https:\/\/offbeat-jederkannmusik.de\/wp-content\/uploads\/elementor\/thumbs\/DSC_8987-puresaf08po5ty19c3dzd8mu7uhu202ucdsrfjk4o0.jpg\" alt=\"DSC_8987\" \/><\/figure><\/a><\/div><div class=\"swiper-slide\" role=\"group\" aria-roledescription=\"slide\" aria-label=\"9 von 9\"><a data-elementor-open-lightbox=\"yes\" data-elementor-lightbox-slideshow=\"5ccfb93\" data-elementor-lightbox-title=\"DSC_8997\" data-e-action-hash=\"#elementor-action%3Aaction%3Dlightbox%26settings%3DeyJpZCI6MjY2LCJ1cmwiOiJodHRwczpcL1wvb2ZmYmVhdC1qZWRlcmthbm5tdXNpay5kZVwvd3AtY29udGVudFwvdXBsb2Fkc1wvMjAyMlwvMDlcL0RTQ184OTk3LmpwZyIsInNsaWRlc2hvdyI6IjVjY2ZiOTMifQ%3D%3D\" href=\"https:\/\/offbeat-jederkannmusik.de\/wp-content\/uploads\/2022\/09\/DSC_8997.jpg\"><figure class=\"swiper-slide-inner\"><img decoding=\"async\" class=\"swiper-slide-image\" src=\"https:\/\/offbeat-jederkannmusik.de\/wp-content\/uploads\/elementor\/thumbs\/DSC_8997-puresbcufjpg5jzw6lslxqeat8d79p6koig8wtiqhs.jpg\" alt=\"DSC_8997\" \/><\/figure><\/a><\/div>\t\t\t<\/div>\n\t\t\t\t\t\t\t\t\t\t\t\t<div class=\"elementor-swiper-button elementor-swiper-button-prev\" role=\"button\" tabindex=\"0\">\n\t\t\t\t\t\t<i aria-hidden=\"true\" class=\"eicon-chevron-left\"><\/i>\t\t\t\t\t<\/div>\n\t\t\t\t\t<div class=\"elementor-swiper-button elementor-swiper-button-next\" role=\"button\" tabindex=\"0\">\n\t\t\t\t\t\t<i aria-hidden=\"true\" class=\"eicon-chevron-right\"><\/i>\t\t\t\t\t<\/div>\n\t\t\t\t\n\t\t\t\t\t\t\t\t\t<div class=\"swiper-pagination\"><\/div>\n\t\t\t\t\t\t\t\t\t<\/div>\n\t\t\t\t\t\t<\/div>\n\t\t\t\t<\/div>\n\t\t\t\t<div class=\"elementor-element elementor-element-8903de1 elementor-widget elementor-widget-text-editor\" data-id=\"8903de1\" data-element_type=\"widget\" data-widget_type=\"text-editor.default\">\n\t\t\t\t<div class=\"elementor-widget-container\">\n\t\t\t\t\t\t\t\t\t<p>Der Klang dieser intuitiv zu spielenden Instrumente ist ansprechend und weckt das Interesse und die Spiellust. Er f\u00fchrt in die Entspannung, f\u00f6rdert die dabei entstehende Gelassenheit und st\u00e4rkt langfristig die Selbstwahrnehmung und das Selbstvertrauen der Kinder.<\/p><p>Das Spiel der aufgef\u00fchrten Instrumente ist eingebettet in ein didaktisch abwechslungsreich gestaltetes Setting, das stets spielerisch auf die aktuellen Bed\u00fcrfnisse der Kinder abgestimmt ist.<\/p>\t\t\t\t\t\t\t\t<\/div>\n\t\t\t\t<\/div>\n\t\t\t\t<div class=\"elementor-element elementor-element-83c841e elementor-widget elementor-widget-text-editor\" data-id=\"83c841e\" data-element_type=\"widget\" data-widget_type=\"text-editor.default\">\n\t\t\t\t<div class=\"elementor-widget-container\">\n\t\t\t\t\t\t\t\t\t<h3><span style=\"color: #000000; font-family: 'Roboto';\"><b>Inhalte der Einheiten k\u00f6nnen sein:<\/b><\/span><\/h3><hr \/><ul><li>Klangschalen-Massagen<\/li><li>Achtsamkeits\u00fcbungen<\/li><li>Fantasiereisen<\/li><li>Atem\u00fcbungen<\/li><li>K\u00f6rperwahrnehmungs\u00fcbungen und Spiele<\/li><li>Entspannungs\u00fcbungen<\/li><\/ul>\t\t\t\t\t\t\t\t<\/div>\n\t\t\t\t<\/div>\n\t\t\t\t\t<\/div>\n\t\t<\/div>\n\t\t\t\t\t<\/div>\n\t\t<\/section>\n\t\t\t\t<section class=\"elementor-section elementor-top-section elementor-element elementor-element-5824cc1 elementor-section-boxed elementor-section-height-default elementor-section-height-default\" data-id=\"5824cc1\" data-element_type=\"section\">\n\t\t\t\t\t\t<div class=\"elementor-container elementor-column-gap-default\">\n\t\t\t\t\t<div class=\"elementor-column elementor-col-100 elementor-top-column elementor-element elementor-element-b7092b3\" data-id=\"b7092b3\" data-element_type=\"column\">\n\t\t\t<div class=\"elementor-widget-wrap elementor-element-populated\">\n\t\t\t\t\t\t<div class=\"elementor-element elementor-element-af6d7f8 elementor-widget elementor-widget-heading\" data-id=\"af6d7f8\" data-element_type=\"widget\" data-widget_type=\"heading.default\">\n\t\t\t\t<div class=\"elementor-widget-container\">\n\t\t\t\t\t<h2 class=\"elementor-heading-title elementor-size-default\">Die Einheiten finden einmal pro Woche statt.<\/br><\/br>\nM\u00f6glich sind:<\/br><\/br>\nEinzel-Einheiten mit einer Person - Dauer je 30 Min\n<\/br>Partner-Einheiten mit zwei Personen - Dauer je 45 Min\n<\/br>Gruppen-Einheiten mit drei bis f\u00fcnf Personen - Dauer je 60 Min<\/br><\/br>\nSchnupper-Einheiten auf Anfrage<\/br>\nPreise nach Absprache!\n\n<\/h2>\t\t\t\t<\/div>\n\t\t\t\t<\/div>\n\t\t\t\t<div class=\"elementor-element elementor-element-89ed872 elementor-widget elementor-widget-image\" data-id=\"89ed872\" data-element_type=\"widget\" data-widget_type=\"image.default\">\n\t\t\t\t<div class=\"elementor-widget-container\">\n\t\t\t\t\t\t\t\t\t\t\t\t\t\t\t\t<a href=\"https:\/\/www.tanjadraxler.com\/klangpaedagogik-online-ausbildung\/\" target=\"_blank\">\n\t\t\t\t\t\t\t<img decoding=\"async\" width=\"297\" height=\"120\" src=\"https:\/\/offbeat-jederkannmusik.de\/wp-content\/uploads\/2022\/09\/Integrative-Klangpaedagogik.png\" class=\"attachment-large size-large wp-image-213\" alt=\"Integrative Klangp\u00e4dagogik\" \/>\t\t\t\t\t\t\t\t<\/a>\n\t\t\t\t\t\t\t\t\t\t\t\t\t\t\t<\/div>\n\t\t\t\t<\/div>\n\t\t\t\t\t<\/div>\n\t\t<\/div>\n\t\t\t\t\t<\/div>\n\t\t<\/section>\n\t\t\t\t<\/div>\n\t\t","protected":false},"excerpt":{"rendered":"<p>Mein Klangp\u00e4dagogik-Angebot Schon in den ersten Schuljahren stehen Kinder heutzutage vor gro\u00dfen Anforderungen und Aufgaben, die im Laufe der schulischen Laufbahn eher noch zu- anstatt abnehmen. Hinzu kommt, dass unsere Welt immer schnelllebiger wird und das mediale Angebot h\u00e4ufig eher zu gro\u00df ist und zu viel Aufmerksamkeit und Verbindlichkeit von den Kindern abverlangt. Die Folge &hellip; <\/p>\n<p><a class=\"more-link btn\" href=\"https:\/\/offbeat-jederkannmusik.de\/?page_id=207\">Weiterlesen<\/a><\/p>\n","protected":false},"author":1,"featured_media":0,"parent":0,"menu_order":0,"comment_status":"closed","ping_status":"closed","template":"","meta":{"footnotes":""},"class_list":["post-207","page","type-page","status-publish","hentry","nodate","item-wrap"],"_links":{"self":[{"href":"https:\/\/offbeat-jederkannmusik.de\/index.php?rest_route=\/wp\/v2\/pages\/207","targetHints":{"allow":["GET"]}}],"collection":[{"href":"https:\/\/offbeat-jederkannmusik.de\/index.php?rest_route=\/wp\/v2\/pages"}],"about":[{"href":"https:\/\/offbeat-jederkannmusik.de\/index.php?rest_route=\/wp\/v2\/types\/page"}],"author":[{"embeddable":true,"href":"https:\/\/offbeat-jederkannmusik.de\/index.php?rest_route=\/wp\/v2\/users\/1"}],"replies":[{"embeddable":true,"href":"https:\/\/offbeat-jederkannmusik.de\/index.php?rest_route=%2Fwp%2Fv2%2Fcomments&post=207"}],"version-history":[{"count":58,"href":"https:\/\/offbeat-jederkannmusik.de\/index.php?rest_route=\/wp\/v2\/pages\/207\/revisions"}],"predecessor-version":[{"id":619,"href":"https:\/\/offbeat-jederkannmusik.de\/index.php?rest_route=\/wp\/v2\/pages\/207\/revisions\/619"}],"wp:attachment":[{"href":"https:\/\/offbeat-jederkannmusik.de\/index.php?rest_route=%2Fwp%2Fv2%2Fmedia&parent=207"}],"curies":[{"name":"wp","href":"https:\/\/api.w.org\/{rel}","templated":true}]}}